{"id":1148,"date":"2024-08-11T14:35:00","date_gmt":"2024-08-11T12:35:00","guid":{"rendered":"https:\/\/www.charlottefalchdesign.dk\/index.php\/foerst-det-praktiske\/"},"modified":"2024-10-29T13:41:33","modified_gmt":"2024-10-29T11:41:33","slug":"foerst-det-praktiske","status":"publish","type":"page","link":"https:\/\/www.charlottefalchdesign.dk\/index.php\/foerst-det-praktiske\/","title":{"rendered":"Velkommen til Charlotte Falch Design!"},"content":{"rendered":"\n<p>Jeg laver<a href=\"https:\/\/www.charlottefalchdesign.dk\/index.php\/oracals-vinyl-folie-og-stickers-klistermaerker\/\"> skilte\/reklamer og merchandise til sm\u00e5 firmaer og butikker<\/a> &#8211; prim\u00e6rt i Holb\u00e6k, hvor jeg selv har v\u00e6rksted.<\/p>\n\n\n\n<p>Jeg designer unika og efter s\u00e6rlige \u00f8nsker \u2013 og ind imellem udf\u00f8rer jeg et \u201cstandard-design\u201d, hvis det skal v\u00e6re \u2026 Jeg synes, det personlige touch er megal\u00e6kkert!<\/p>\n\n\n\n<p>Jeg udf\u00f8rer tryk p\u00e5 b\u00e5de stof \u2013 fx bomuld, viskose, silke og polyester \u2013 og krus\/drikkeflasker i fx keramik og aluminium \u2013 trykke-teknikken afh\u00e6nger af materialet.<\/p>\n\n\n\n<p>Man kan ogs\u00e5 f\u00e5 trykt sine egne motiver p\u00e5 fx. krus og drikkeflasker.<\/p>\n\n\n\n<p>Jeg trykker ogs\u00e5 p\u00e5 papir &#8211; men helst kun i storformat &#8211; A3-A1 (\u00e6rligt talt &#8211; mindre formater kan I jo selv klare meget billigere \ud83d\ude42 )<\/p>\n\n\n\n<p>Jeg kan trykke p\u00e5 vandafvisende og uv-bestandigt plakatpapir, canvas-struktur og selvkl\u00e6bende (klisterm\u00e6rke) til fx butiksvinduer\/biler.<\/p>\n\n\n\n<p>N\u00e5, ja &#8211; og apropos biler \u2026 Jeg laver naturligvis ogs\u00e5 reklamer i udsk\u00e5ret folie til vinduer og andre glatte overflader &#8211; som fx biler.<\/p>\n\n\n\n<p>Da jeg selv har <strong>sclerose (MS)<\/strong> og epilepsi, laver jeg <a href=\"https:\/\/www.charlottefalchdesign.dk\/index.php\/scleroseforeningen-lokalafdeling-nordvestsjaelland-merchandise\/\">s\u00e6rlige tilbud til mennesker, der gerne vil have trykt motiver, der handler om deres helbredsudfordringer<\/a>. Fx donerer jeg til vores Scleroseforening Lokalafdeling Nordvestsj\u00e6lland, hver gang det handler om MS.<\/p>\n\n\n\n<p>Jeg kan ogs\u00e5 sy t\u00f8j \u2013 oftest jersey-kjoler og toppe, men ogs\u00e5 bukser, jakker, brudekjoler, osv. men i \u00f8jeblikket er mit <span style=\"text-decoration: underline\">fokus<\/span><span style=\"text-decoration: underline\"> p\u00e5 tryk<\/span>. <\/p>\n\n\n\n<p>Skriv en <a href=\"mailto:info@charlottefalchdesign.dk\"><strong>mail til mig<\/strong><\/a>, hvis der er s\u00e6rlige \u00f8nsker \u2013 vi finder sikkert en l\u00f8sning \u2026<\/p>\n\n\n\n<p>Kig i <a href=\"https:\/\/www.charlottefalchdesign.dk\/index.php\/galleri-inspiration-nogle-udfoerte-opgaver\/\">galleriet<\/a> for at f\u00e5 en id\u00e9 om, hvad jeg har lavet \u2013 alts\u00e5 \u2013 det jeg har f\u00e5et taget billeder af \ud83d\ude42<\/p>\n\n\n\n<p><\/p>\n","protected":false},"excerpt":{"rendered":"<p>Jeg laver skilte\/reklamer og merchandise til sm\u00e5 firmaer og butikker &#8211; prim\u00e6rt i Holb\u00e6k, hvor jeg selv har v\u00e6rksted. Jeg designer unika og efter s\u00e6rlige&hellip;<\/p>\n","protected":false},"author":1,"featured_media":0,"parent":0,"menu_order":0,"comment_status":"closed","ping_status":"closed","template":"","meta":{"footnotes":""},"class_list":["post-1148","page","type-page","status-publish","hentry"],"yoast_head":"<!-- This site is optimized with the Yoast SEO plugin v21.4 - https:\/\/yoast.com\/wordpress\/plugins\/seo\/ -->\n<title>Velkommen til Charlotte Falch Design! - Charlotte Falch Design<\/title>\n<meta name=\"robots\" content=\"index, follow, max-snippet:-1, max-image-preview:large, max-video-preview:-1\" \/>\n<link rel=\"canonical\" href=\"https:\/\/www.charlottefalchdesign.dk\/index.php\/foerst-det-praktiske\/\" \/>\n<meta property=\"og:locale\" content=\"da_DK\" \/>\n<meta property=\"og:type\" content=\"article\" \/>\n<meta property=\"og:title\" content=\"Velkommen til Charlotte Falch Design! - Charlotte Falch Design\" \/>\n<meta property=\"og:description\" content=\"Jeg laver skilte\/reklamer og merchandise til sm\u00e5 firmaer og butikker &#8211; prim\u00e6rt i Holb\u00e6k, hvor jeg selv har v\u00e6rksted. Jeg designer unika og efter s\u00e6rlige&hellip;\" \/>\n<meta property=\"og:url\" content=\"https:\/\/www.charlottefalchdesign.dk\/index.php\/foerst-det-praktiske\/\" \/>\n<meta property=\"og:site_name\" content=\"Charlotte Falch Design\" \/>\n<meta property=\"article:publisher\" content=\"https:\/\/www.facebook.com\/charlottefalchdesign\" \/>\n<meta property=\"article:modified_time\" content=\"2024-10-29T11:41:33+00:00\" \/>\n<meta name=\"twitter:card\" content=\"summary_large_image\" \/>\n<meta name=\"twitter:label1\" content=\"Estimeret l\u00e6setid\" \/>\n\t<meta name=\"twitter:data1\" content=\"2 minutter\" \/>\n<script type=\"application\/ld+json\" class=\"yoast-schema-graph\">{\"@context\":\"https:\/\/schema.org\",\"@graph\":[{\"@type\":\"WebPage\",\"@id\":\"https:\/\/www.charlottefalchdesign.dk\/index.php\/foerst-det-praktiske\/\",\"url\":\"https:\/\/www.charlottefalchdesign.dk\/index.php\/foerst-det-praktiske\/\",\"name\":\"Velkommen til Charlotte Falch Design! - Charlotte Falch Design\",\"isPartOf\":{\"@id\":\"https:\/\/www.charlottefalchdesign.dk\/#website\"},\"datePublished\":\"2024-08-11T12:35:00+00:00\",\"dateModified\":\"2024-10-29T11:41:33+00:00\",\"breadcrumb\":{\"@id\":\"https:\/\/www.charlottefalchdesign.dk\/index.php\/foerst-det-praktiske\/#breadcrumb\"},\"inLanguage\":\"da-DK\",\"potentialAction\":[{\"@type\":\"ReadAction\",\"target\":[\"https:\/\/www.charlottefalchdesign.dk\/index.php\/foerst-det-praktiske\/\"]}]},{\"@type\":\"BreadcrumbList\",\"@id\":\"https:\/\/www.charlottefalchdesign.dk\/index.php\/foerst-det-praktiske\/#breadcrumb\",\"itemListElement\":[{\"@type\":\"ListItem\",\"position\":1,\"name\":\"Hjem\",\"item\":\"https:\/\/www.charlottefalchdesign.dk\/\"},{\"@type\":\"ListItem\",\"position\":2,\"name\":\"Velkommen til Charlotte Falch Design!\"}]},{\"@type\":\"WebSite\",\"@id\":\"https:\/\/www.charlottefalchdesign.dk\/#website\",\"url\":\"https:\/\/www.charlottefalchdesign.dk\/\",\"name\":\"Charlotte Falch Design\",\"description\":\"Tryk og print - unikt, personligt - og reklame til sm\u00e5 virksomheder\",\"publisher\":{\"@id\":\"https:\/\/www.charlottefalchdesign.dk\/#organization\"},\"potentialAction\":[{\"@type\":\"SearchAction\",\"target\":{\"@type\":\"EntryPoint\",\"urlTemplate\":\"https:\/\/www.charlottefalchdesign.dk\/?s={search_term_string}\"},\"query-input\":\"required name=search_term_string\"}],\"inLanguage\":\"da-DK\"},{\"@type\":\"Organization\",\"@id\":\"https:\/\/www.charlottefalchdesign.dk\/#organization\",\"name\":\"Charlotte Falch Design\",\"url\":\"https:\/\/www.charlottefalchdesign.dk\/\",\"logo\":{\"@type\":\"ImageObject\",\"inLanguage\":\"da-DK\",\"@id\":\"https:\/\/www.charlottefalchdesign.dk\/#\/schema\/logo\/image\/\",\"url\":\"https:\/\/www.charlottefalchdesign.dk\/wp-content\/uploads\/2023\/10\/cropped-IMG_1130-2-scaled-2.jpeg\",\"contentUrl\":\"https:\/\/www.charlottefalchdesign.dk\/wp-content\/uploads\/2023\/10\/cropped-IMG_1130-2-scaled-2.jpeg\",\"width\":1919,\"height\":1919,\"caption\":\"Charlotte Falch Design\"},\"image\":{\"@id\":\"https:\/\/www.charlottefalchdesign.dk\/#\/schema\/logo\/image\/\"},\"sameAs\":[\"https:\/\/www.facebook.com\/charlottefalchdesign\"]}]}<\/script>\n<!-- \/ Yoast SEO plugin. -->","yoast_head_json":{"title":"Velkommen til Charlotte Falch Design! - Charlotte Falch Design","robots":{"index":"index","follow":"follow","max-snippet":"max-snippet:-1","max-image-preview":"max-image-preview:large","max-video-preview":"max-video-preview:-1"},"canonical":"https:\/\/www.charlottefalchdesign.dk\/index.php\/foerst-det-praktiske\/","og_locale":"da_DK","og_type":"article","og_title":"Velkommen til Charlotte Falch Design! - Charlotte Falch Design","og_description":"Jeg laver skilte\/reklamer og merchandise til sm\u00e5 firmaer og butikker &#8211; prim\u00e6rt i Holb\u00e6k, hvor jeg selv har v\u00e6rksted. Jeg designer unika og efter s\u00e6rlige&hellip;","og_url":"https:\/\/www.charlottefalchdesign.dk\/index.php\/foerst-det-praktiske\/","og_site_name":"Charlotte Falch Design","article_publisher":"https:\/\/www.facebook.com\/charlottefalchdesign","article_modified_time":"2024-10-29T11:41:33+00:00","twitter_card":"summary_large_image","twitter_misc":{"Estimeret l\u00e6setid":"2 minutter"},"schema":{"@context":"https:\/\/schema.org","@graph":[{"@type":"WebPage","@id":"https:\/\/www.charlottefalchdesign.dk\/index.php\/foerst-det-praktiske\/","url":"https:\/\/www.charlottefalchdesign.dk\/index.php\/foerst-det-praktiske\/","name":"Velkommen til Charlotte Falch Design! - Charlotte Falch Design","isPartOf":{"@id":"https:\/\/www.charlottefalchdesign.dk\/#website"},"datePublished":"2024-08-11T12:35:00+00:00","dateModified":"2024-10-29T11:41:33+00:00","breadcrumb":{"@id":"https:\/\/www.charlottefalchdesign.dk\/index.php\/foerst-det-praktiske\/#breadcrumb"},"inLanguage":"da-DK","potentialAction":[{"@type":"ReadAction","target":["https:\/\/www.charlottefalchdesign.dk\/index.php\/foerst-det-praktiske\/"]}]},{"@type":"BreadcrumbList","@id":"https:\/\/www.charlottefalchdesign.dk\/index.php\/foerst-det-praktiske\/#breadcrumb","itemListElement":[{"@type":"ListItem","position":1,"name":"Hjem","item":"https:\/\/www.charlottefalchdesign.dk\/"},{"@type":"ListItem","position":2,"name":"Velkommen til Charlotte Falch Design!"}]},{"@type":"WebSite","@id":"https:\/\/www.charlottefalchdesign.dk\/#website","url":"https:\/\/www.charlottefalchdesign.dk\/","name":"Charlotte Falch Design","description":"Tryk og print - unikt, personligt - og reklame til sm\u00e5 virksomheder","publisher":{"@id":"https:\/\/www.charlottefalchdesign.dk\/#organization"},"potentialAction":[{"@type":"SearchAction","target":{"@type":"EntryPoint","urlTemplate":"https:\/\/www.charlottefalchdesign.dk\/?s={search_term_string}"},"query-input":"required name=search_term_string"}],"inLanguage":"da-DK"},{"@type":"Organization","@id":"https:\/\/www.charlottefalchdesign.dk\/#organization","name":"Charlotte Falch Design","url":"https:\/\/www.charlottefalchdesign.dk\/","logo":{"@type":"ImageObject","inLanguage":"da-DK","@id":"https:\/\/www.charlottefalchdesign.dk\/#\/schema\/logo\/image\/","url":"https:\/\/www.charlottefalchdesign.dk\/wp-content\/uploads\/2023\/10\/cropped-IMG_1130-2-scaled-2.jpeg","contentUrl":"https:\/\/www.charlottefalchdesign.dk\/wp-content\/uploads\/2023\/10\/cropped-IMG_1130-2-scaled-2.jpeg","width":1919,"height":1919,"caption":"Charlotte Falch Design"},"image":{"@id":"https:\/\/www.charlottefalchdesign.dk\/#\/schema\/logo\/image\/"},"sameAs":["https:\/\/www.facebook.com\/charlottefalchdesign"]}]}},"jetpack_sharing_enabled":true,"_links":{"self":[{"href":"https:\/\/www.charlottefalchdesign.dk\/index.php\/wp-json\/wp\/v2\/pages\/1148","targetHints":{"allow":["GET"]}}],"collection":[{"href":"https:\/\/www.charlottefalchdesign.dk\/index.php\/wp-json\/wp\/v2\/pages"}],"about":[{"href":"https:\/\/www.charlottefalchdesign.dk\/index.php\/wp-json\/wp\/v2\/types\/page"}],"author":[{"embeddable":true,"href":"https:\/\/www.charlottefalchdesign.dk\/index.php\/wp-json\/wp\/v2\/users\/1"}],"replies":[{"embeddable":true,"href":"https:\/\/www.charlottefalchdesign.dk\/index.php\/wp-json\/wp\/v2\/comments?post=1148"}],"version-history":[{"count":10,"href":"https:\/\/www.charlottefalchdesign.dk\/index.php\/wp-json\/wp\/v2\/pages\/1148\/revisions"}],"predecessor-version":[{"id":1448,"href":"https:\/\/www.charlottefalchdesign.dk\/index.php\/wp-json\/wp\/v2\/pages\/1148\/revisions\/1448"}],"wp:attachment":[{"href":"https:\/\/www.charlottefalchdesign.dk\/index.php\/wp-json\/wp\/v2\/media?parent=1148"}],"curies":[{"name":"wp","href":"https:\/\/api.w.org\/{rel}","templated":true}]}}