{"id":1463,"date":"2024-10-29T14:10:12","date_gmt":"2024-10-29T12:10:12","guid":{"rendered":"https:\/\/www.charlottefalchdesign.dk\/?page_id=1463"},"modified":"2025-02-06T15:38:35","modified_gmt":"2025-02-06T13:38:35","slug":"krea-messe-i-holbaek-februar","status":"publish","type":"page","link":"https:\/\/www.charlottefalchdesign.dk\/index.php\/krea-messe-i-holbaek-februar\/","title":{"rendered":"Krea-Messe i Holb\u00e6k &#8211; februar"},"content":{"rendered":"\n<p>Jeg har valgt at deltage i Krea-Messe, der afholdes i februar i Holb\u00e6k Sportsby. Det giver folk en mulighed for at opleve en smagspr\u00f8ve p\u00e5, hvad jeg kan tilbyde fra mit lille v\u00e6rksted &#8220;live&#8221;.<\/p>\n\n\n\n<p>Jeg planl\u00e6gger at lave en lille workshop, s\u00e5 man kan trykke sin egen t-shirt\/andet t\u00f8j (hvis man selv medbringer) eller p\u00e5 et af krusene eller en t-shirt fra mit lager, ude p\u00e5 Krea-Messen imellem kl. 10-12.30.<\/p>\n\n\n\n<p>Man kan v\u00e6lge imellem et af mine standard-motiver, eller man kan sende mig et motiv p\u00e5 forh\u00e5nd, s\u00e5 det kan blive unikt\/personligt.<\/p>\n\n\n\n<p>N\u00e6rmere info vil f\u00f8lge her p\u00e5 siden\/Facebook\/Insta i slutningen af januar\/starten af februar. (i 2025 er messen s\u00f8ndag d. 16. februar i skolernes vinterferie).<\/p>\n\n\n\n<p>Send mig gerne motiver i s\u00e5 h\u00f8j opl\u00f8sning\/s\u00e5 god kvalitet som muligt. Der skal v\u00e6re hvid baggrund, eller fjernet baggrund, hvis motivet kun skal v\u00e6re et udsnit. (mail:<a href=\"mailto:info@charlottefalchdesign.dk\"> info@charlottefalchdesign.dk<\/a>)<\/p>\n\n\n\n<p>Det er en stor kvalitetsm\u00e6ssig fordel, hvis det sendes det i .png-format.<\/p>\n\n\n\n<p>WORKSHOP p\u00e5 Krea-messen for b\u00f8rn.&nbsp;<\/p>\n\n\n\n<p>Tryk p\u00e5 krus.<\/p>\n\n\n\n<p>Jeg har en HELT S\u00c6RLIG PRIS p\u00e5 krus, man selv designer p\u00e5 dagen.&nbsp;<\/p>\n\n\n\n<p>I min stand kan man tegne sine egne motiver.&nbsp;<\/p>\n\n\n\n<p>Jeg har papir og farvekridt med.&nbsp;<\/p>\n\n\n\n<p>(Tegninger scannes, spejlvendes og printes ud, s\u00e5 motivet kan overf\u00f8res til krus)<\/p>\n\n\n\n<p>Krea-Messen &#8211; Sportsbyen, Holb\u00e6k, s\u00f8ndag d. 16\/2-2025 kl. 10-12.30&nbsp;<\/p>\n\n\n\n<p>Workshop eller ej &#8211; VOKSNE kan selvf\u00f8lgelig sende mig motiver p\u00e5 forh\u00e5nd, s\u00e5 man undg\u00e5r en masse ventetid \u263a\ufe0f, men der er naturligvis stadig rigtig GODE TILBUD p\u00e5 t-shirts, krus og tryk til oph\u00e6ng!<\/p>\n\n\n\n<p>(Jeg har lagt billeder til inspiration ved &#8211; det kan ogs\u00e5 v\u00e6re et yndlingsfoto af b\u00f8rnene eller lignende &#8230;)<\/p>\n\n\n\n<p>Send dit f\u00e6rdige motiv\/billede til info@charlottefalchdesign.dk<\/p>\n\n\n\n<p>og skriv, om motivet skal v\u00e6re til fx bluse eller krus (og om du selv medbringer en up-cycling-bluse, som motivet skal overf\u00f8res til p\u00e5 dagen. (Det skal v\u00e6re en lys bluse med minimum 75% polyester)<\/p>\n\n\n\n<p>Man kan ogs\u00e5 k\u00f8be l\u00e6kre, bl\u00f8de, hvide t-shirts i \u201cbomuldstouch\u201d i min stand (s\u00e5 l\u00e6nge lager haves) eller man kan bestille til senere afhentning.<\/p>\n\n\n\n<p>Hvis man vil have tryk p\u00e5 bomuld\/m\u00f8rke tekstiler\/oph\u00e6ng, skal man afhente i v\u00e6rkstedet senere (Jeg har ikke ALLE maskinerne med til messen \ud83d\ude09 )<\/p>\n","protected":false},"excerpt":{"rendered":"<p>Jeg har valgt at deltage i Krea-Messe, der afholdes i februar i Holb\u00e6k Sportsby. Det giver folk en mulighed for at opleve en smagspr\u00f8ve p\u00e5,&hellip;<\/p>\n","protected":false},"author":1,"featured_media":0,"parent":0,"menu_order":0,"comment_status":"closed","ping_status":"closed","template":"","meta":{"footnotes":""},"class_list":["post-1463","page","type-page","status-publish","hentry"],"yoast_head":"<!-- This site is optimized with the Yoast SEO plugin v21.4 - https:\/\/yoast.com\/wordpress\/plugins\/seo\/ -->\n<title>Krea-Messe i Holb\u00e6k - februar - Charlotte Falch Design<\/title>\n<meta name=\"robots\" content=\"index, follow, max-snippet:-1, max-image-preview:large, max-video-preview:-1\" \/>\n<link rel=\"canonical\" href=\"https:\/\/www.charlottefalchdesign.dk\/index.php\/krea-messe-i-holbaek-februar\/\" \/>\n<meta property=\"og:locale\" content=\"da_DK\" \/>\n<meta property=\"og:type\" content=\"article\" \/>\n<meta property=\"og:title\" content=\"Krea-Messe i Holb\u00e6k - februar - Charlotte Falch Design\" \/>\n<meta property=\"og:description\" content=\"Jeg har valgt at deltage i Krea-Messe, der afholdes i februar i Holb\u00e6k Sportsby. Det giver folk en mulighed for at opleve en smagspr\u00f8ve p\u00e5,&hellip;\" \/>\n<meta property=\"og:url\" content=\"https:\/\/www.charlottefalchdesign.dk\/index.php\/krea-messe-i-holbaek-februar\/\" \/>\n<meta property=\"og:site_name\" content=\"Charlotte Falch Design\" \/>\n<meta property=\"article:publisher\" content=\"https:\/\/www.facebook.com\/charlottefalchdesign\" \/>\n<meta property=\"article:modified_time\" content=\"2025-02-06T13:38:35+00:00\" \/>\n<meta name=\"twitter:card\" content=\"summary_large_image\" \/>\n<meta name=\"twitter:label1\" content=\"Estimeret l\u00e6setid\" \/>\n\t<meta name=\"twitter:data1\" content=\"2 minutter\" \/>\n<script type=\"application\/ld+json\" class=\"yoast-schema-graph\">{\"@context\":\"https:\/\/schema.org\",\"@graph\":[{\"@type\":\"WebPage\",\"@id\":\"https:\/\/www.charlottefalchdesign.dk\/index.php\/krea-messe-i-holbaek-februar\/\",\"url\":\"https:\/\/www.charlottefalchdesign.dk\/index.php\/krea-messe-i-holbaek-februar\/\",\"name\":\"Krea-Messe i Holb\u00e6k - februar - Charlotte Falch Design\",\"isPartOf\":{\"@id\":\"https:\/\/www.charlottefalchdesign.dk\/#website\"},\"datePublished\":\"2024-10-29T12:10:12+00:00\",\"dateModified\":\"2025-02-06T13:38:35+00:00\",\"breadcrumb\":{\"@id\":\"https:\/\/www.charlottefalchdesign.dk\/index.php\/krea-messe-i-holbaek-februar\/#breadcrumb\"},\"inLanguage\":\"da-DK\",\"potentialAction\":[{\"@type\":\"ReadAction\",\"target\":[\"https:\/\/www.charlottefalchdesign.dk\/index.php\/krea-messe-i-holbaek-februar\/\"]}]},{\"@type\":\"BreadcrumbList\",\"@id\":\"https:\/\/www.charlottefalchdesign.dk\/index.php\/krea-messe-i-holbaek-februar\/#breadcrumb\",\"itemListElement\":[{\"@type\":\"ListItem\",\"position\":1,\"name\":\"Hjem\",\"item\":\"https:\/\/www.charlottefalchdesign.dk\/\"},{\"@type\":\"ListItem\",\"position\":2,\"name\":\"Krea-Messe i Holb\u00e6k &#8211; februar\"}]},{\"@type\":\"WebSite\",\"@id\":\"https:\/\/www.charlottefalchdesign.dk\/#website\",\"url\":\"https:\/\/www.charlottefalchdesign.dk\/\",\"name\":\"Charlotte Falch Design\",\"description\":\"Tryk og print - unikt, personligt - og reklame til sm\u00e5 virksomheder\",\"publisher\":{\"@id\":\"https:\/\/www.charlottefalchdesign.dk\/#organization\"},\"potentialAction\":[{\"@type\":\"SearchAction\",\"target\":{\"@type\":\"EntryPoint\",\"urlTemplate\":\"https:\/\/www.charlottefalchdesign.dk\/?s={search_term_string}\"},\"query-input\":\"required name=search_term_string\"}],\"inLanguage\":\"da-DK\"},{\"@type\":\"Organization\",\"@id\":\"https:\/\/www.charlottefalchdesign.dk\/#organization\",\"name\":\"Charlotte Falch Design\",\"url\":\"https:\/\/www.charlottefalchdesign.dk\/\",\"logo\":{\"@type\":\"ImageObject\",\"inLanguage\":\"da-DK\",\"@id\":\"https:\/\/www.charlottefalchdesign.dk\/#\/schema\/logo\/image\/\",\"url\":\"https:\/\/www.charlottefalchdesign.dk\/wp-content\/uploads\/2023\/10\/cropped-IMG_1130-2-scaled-2.jpeg\",\"contentUrl\":\"https:\/\/www.charlottefalchdesign.dk\/wp-content\/uploads\/2023\/10\/cropped-IMG_1130-2-scaled-2.jpeg\",\"width\":1919,\"height\":1919,\"caption\":\"Charlotte Falch Design\"},\"image\":{\"@id\":\"https:\/\/www.charlottefalchdesign.dk\/#\/schema\/logo\/image\/\"},\"sameAs\":[\"https:\/\/www.facebook.com\/charlottefalchdesign\"]}]}<\/script>\n<!-- \/ Yoast SEO plugin. -->","yoast_head_json":{"title":"Krea-Messe i Holb\u00e6k - februar - Charlotte Falch Design","robots":{"index":"index","follow":"follow","max-snippet":"max-snippet:-1","max-image-preview":"max-image-preview:large","max-video-preview":"max-video-preview:-1"},"canonical":"https:\/\/www.charlottefalchdesign.dk\/index.php\/krea-messe-i-holbaek-februar\/","og_locale":"da_DK","og_type":"article","og_title":"Krea-Messe i Holb\u00e6k - februar - Charlotte Falch Design","og_description":"Jeg har valgt at deltage i Krea-Messe, der afholdes i februar i Holb\u00e6k Sportsby. Det giver folk en mulighed for at opleve en smagspr\u00f8ve p\u00e5,&hellip;","og_url":"https:\/\/www.charlottefalchdesign.dk\/index.php\/krea-messe-i-holbaek-februar\/","og_site_name":"Charlotte Falch Design","article_publisher":"https:\/\/www.facebook.com\/charlottefalchdesign","article_modified_time":"2025-02-06T13:38:35+00:00","twitter_card":"summary_large_image","twitter_misc":{"Estimeret l\u00e6setid":"2 minutter"},"schema":{"@context":"https:\/\/schema.org","@graph":[{"@type":"WebPage","@id":"https:\/\/www.charlottefalchdesign.dk\/index.php\/krea-messe-i-holbaek-februar\/","url":"https:\/\/www.charlottefalchdesign.dk\/index.php\/krea-messe-i-holbaek-februar\/","name":"Krea-Messe i Holb\u00e6k - februar - Charlotte Falch Design","isPartOf":{"@id":"https:\/\/www.charlottefalchdesign.dk\/#website"},"datePublished":"2024-10-29T12:10:12+00:00","dateModified":"2025-02-06T13:38:35+00:00","breadcrumb":{"@id":"https:\/\/www.charlottefalchdesign.dk\/index.php\/krea-messe-i-holbaek-februar\/#breadcrumb"},"inLanguage":"da-DK","potentialAction":[{"@type":"ReadAction","target":["https:\/\/www.charlottefalchdesign.dk\/index.php\/krea-messe-i-holbaek-februar\/"]}]},{"@type":"BreadcrumbList","@id":"https:\/\/www.charlottefalchdesign.dk\/index.php\/krea-messe-i-holbaek-februar\/#breadcrumb","itemListElement":[{"@type":"ListItem","position":1,"name":"Hjem","item":"https:\/\/www.charlottefalchdesign.dk\/"},{"@type":"ListItem","position":2,"name":"Krea-Messe i Holb\u00e6k &#8211; februar"}]},{"@type":"WebSite","@id":"https:\/\/www.charlottefalchdesign.dk\/#website","url":"https:\/\/www.charlottefalchdesign.dk\/","name":"Charlotte Falch Design","description":"Tryk og print - unikt, personligt - og reklame til sm\u00e5 virksomheder","publisher":{"@id":"https:\/\/www.charlottefalchdesign.dk\/#organization"},"potentialAction":[{"@type":"SearchAction","target":{"@type":"EntryPoint","urlTemplate":"https:\/\/www.charlottefalchdesign.dk\/?s={search_term_string}"},"query-input":"required name=search_term_string"}],"inLanguage":"da-DK"},{"@type":"Organization","@id":"https:\/\/www.charlottefalchdesign.dk\/#organization","name":"Charlotte Falch Design","url":"https:\/\/www.charlottefalchdesign.dk\/","logo":{"@type":"ImageObject","inLanguage":"da-DK","@id":"https:\/\/www.charlottefalchdesign.dk\/#\/schema\/logo\/image\/","url":"https:\/\/www.charlottefalchdesign.dk\/wp-content\/uploads\/2023\/10\/cropped-IMG_1130-2-scaled-2.jpeg","contentUrl":"https:\/\/www.charlottefalchdesign.dk\/wp-content\/uploads\/2023\/10\/cropped-IMG_1130-2-scaled-2.jpeg","width":1919,"height":1919,"caption":"Charlotte Falch Design"},"image":{"@id":"https:\/\/www.charlottefalchdesign.dk\/#\/schema\/logo\/image\/"},"sameAs":["https:\/\/www.facebook.com\/charlottefalchdesign"]}]}},"jetpack_sharing_enabled":true,"_links":{"self":[{"href":"https:\/\/www.charlottefalchdesign.dk\/index.php\/wp-json\/wp\/v2\/pages\/1463","targetHints":{"allow":["GET"]}}],"collection":[{"href":"https:\/\/www.charlottefalchdesign.dk\/index.php\/wp-json\/wp\/v2\/pages"}],"about":[{"href":"https:\/\/www.charlottefalchdesign.dk\/index.php\/wp-json\/wp\/v2\/types\/page"}],"author":[{"embeddable":true,"href":"https:\/\/www.charlottefalchdesign.dk\/index.php\/wp-json\/wp\/v2\/users\/1"}],"replies":[{"embeddable":true,"href":"https:\/\/www.charlottefalchdesign.dk\/index.php\/wp-json\/wp\/v2\/comments?post=1463"}],"version-history":[{"count":4,"href":"https:\/\/www.charlottefalchdesign.dk\/index.php\/wp-json\/wp\/v2\/pages\/1463\/revisions"}],"predecessor-version":[{"id":1493,"href":"https:\/\/www.charlottefalchdesign.dk\/index.php\/wp-json\/wp\/v2\/pages\/1463\/revisions\/1493"}],"wp:attachment":[{"href":"https:\/\/www.charlottefalchdesign.dk\/index.php\/wp-json\/wp\/v2\/media?parent=1463"}],"curies":[{"name":"wp","href":"https:\/\/api.w.org\/{rel}","templated":true}]}}