{"id":1469,"date":"2024-10-29T21:33:58","date_gmt":"2024-10-29T19:33:58","guid":{"rendered":"https:\/\/www.charlottefalchdesign.dk\/index.php\/dtf-printet-tryk\/"},"modified":"2024-10-29T21:36:28","modified_gmt":"2024-10-29T19:36:28","slug":"dtf-printet-tryk","status":"publish","type":"page","link":"https:\/\/www.charlottefalchdesign.dk\/index.php\/dtf-printet-tryk\/","title":{"rendered":"DTF &#8211; printet tryk"},"content":{"rendered":"\n<p>DTF (Direct to Fabric) er en type print, der kan kan p\u00e5s\u00e6ttes alle typer stof, der kan t\u00e5le temperaturen. Der kr\u00e6ves over 150 grader celsius for at smelte printet fast p\u00e5 stoffet\/l\u00e6deret, som er printet i alle farver f\u00f8rst og derp\u00e5 p\u00e5f\u00f8rt en hvid baggrund under farverne, s\u00e5 de ogs\u00e5 ses tydeligt.&nbsp;p\u00e5 m\u00f8rke baggrunde.<\/p>\n\n\n\n<p>Motiver\/tekst\/tal printes i alle \u00f8nskede farver.<\/p>\n\n\n\n<p>Se&nbsp;<a href=\"https:\/\/www.charlottefalchdesign.dk\/index.php\/prisliste-t-shirts-og-hoodies-pr-nov-2024\/\">Prisliste \u2013 t-shirts og hoodies<\/a>&nbsp;i menuen for n\u00e6rmere ang. priss\u00e6tning.<\/p>\n\n\n\n<p>Upcycling&nbsp;af t\u00f8j, man har i forvejen er meget oppe i tiden. Jeg kan producere de printede motiver, s\u00e5 kunder selv kan p\u00e5s\u00e6tte dem.(<a href=\"https:\/\/www.charlottefalchdesign.dk\/index.php\/t-shirts-og-hoodies\/\">Kort vejledning i varmeoverf\u00f8rselsteknikken<\/a>.)<\/p>\n\n\n\n<p>Man kan ogs\u00e5 v\u00e6lge at k\u00f8be et komplet stykke t\u00f8j med f\u00e6rdigt tryk. (Se priseksempler p\u00e5&nbsp;<a href=\"https:\/\/www.charlottefalchdesign.dk\/index.php\/prisliste-t-shirts-og-hoodies-pr-nov-2024\/\">Prisliste \u2013 t-shirts og hoodies<\/a>&nbsp;i menuen)<\/p>\n\n\n\n<p>Skriv gerne dine \u00f8nsker til mig p\u00e5 mail:<a href=\"mailto:info@charlottefalchdesign.dk\">&nbsp;info@charlottefalchdesign.dk<\/a><\/p>\n","protected":false},"excerpt":{"rendered":"<p>DTF (Direct to Fabric) er en type print, der kan kan p\u00e5s\u00e6ttes alle typer stof, der kan t\u00e5le temperaturen. Der kr\u00e6ves over 150 grader celsius&hellip;<\/p>\n","protected":false},"author":1,"featured_media":0,"parent":0,"menu_order":0,"comment_status":"closed","ping_status":"closed","template":"","meta":{"footnotes":""},"class_list":["post-1469","page","type-page","status-publish","hentry"],"yoast_head":"<!-- This site is optimized with the Yoast SEO plugin v21.4 - https:\/\/yoast.com\/wordpress\/plugins\/seo\/ -->\n<title>DTF - printet tryk - Charlotte Falch Design<\/title>\n<meta name=\"robots\" content=\"index, follow, max-snippet:-1, max-image-preview:large, max-video-preview:-1\" \/>\n<link rel=\"canonical\" href=\"https:\/\/www.charlottefalchdesign.dk\/index.php\/dtf-printet-tryk\/\" \/>\n<meta property=\"og:locale\" content=\"da_DK\" \/>\n<meta property=\"og:type\" content=\"article\" \/>\n<meta property=\"og:title\" content=\"DTF - printet tryk - Charlotte Falch Design\" \/>\n<meta property=\"og:description\" content=\"DTF (Direct to Fabric) er en type print, der kan kan p\u00e5s\u00e6ttes alle typer stof, der kan t\u00e5le temperaturen. Der kr\u00e6ves over 150 grader celsius&hellip;\" \/>\n<meta property=\"og:url\" content=\"https:\/\/www.charlottefalchdesign.dk\/index.php\/dtf-printet-tryk\/\" \/>\n<meta property=\"og:site_name\" content=\"Charlotte Falch Design\" \/>\n<meta property=\"article:publisher\" content=\"https:\/\/www.facebook.com\/charlottefalchdesign\" \/>\n<meta property=\"article:modified_time\" content=\"2024-10-29T19:36:28+00:00\" \/>\n<meta name=\"twitter:card\" content=\"summary_large_image\" \/>\n<meta name=\"twitter:label1\" content=\"Estimeret l\u00e6setid\" \/>\n\t<meta name=\"twitter:data1\" content=\"1 minut\" \/>\n<script type=\"application\/ld+json\" class=\"yoast-schema-graph\">{\"@context\":\"https:\/\/schema.org\",\"@graph\":[{\"@type\":\"WebPage\",\"@id\":\"https:\/\/www.charlottefalchdesign.dk\/index.php\/dtf-printet-tryk\/\",\"url\":\"https:\/\/www.charlottefalchdesign.dk\/index.php\/dtf-printet-tryk\/\",\"name\":\"DTF - printet tryk - Charlotte Falch Design\",\"isPartOf\":{\"@id\":\"https:\/\/www.charlottefalchdesign.dk\/#website\"},\"datePublished\":\"2024-10-29T19:33:58+00:00\",\"dateModified\":\"2024-10-29T19:36:28+00:00\",\"breadcrumb\":{\"@id\":\"https:\/\/www.charlottefalchdesign.dk\/index.php\/dtf-printet-tryk\/#breadcrumb\"},\"inLanguage\":\"da-DK\",\"potentialAction\":[{\"@type\":\"ReadAction\",\"target\":[\"https:\/\/www.charlottefalchdesign.dk\/index.php\/dtf-printet-tryk\/\"]}]},{\"@type\":\"BreadcrumbList\",\"@id\":\"https:\/\/www.charlottefalchdesign.dk\/index.php\/dtf-printet-tryk\/#breadcrumb\",\"itemListElement\":[{\"@type\":\"ListItem\",\"position\":1,\"name\":\"Hjem\",\"item\":\"https:\/\/www.charlottefalchdesign.dk\/\"},{\"@type\":\"ListItem\",\"position\":2,\"name\":\"DTF &#8211; printet tryk\"}]},{\"@type\":\"WebSite\",\"@id\":\"https:\/\/www.charlottefalchdesign.dk\/#website\",\"url\":\"https:\/\/www.charlottefalchdesign.dk\/\",\"name\":\"Charlotte Falch Design\",\"description\":\"Tryk og print - unikt, personligt - og reklame til sm\u00e5 virksomheder\",\"publisher\":{\"@id\":\"https:\/\/www.charlottefalchdesign.dk\/#organization\"},\"potentialAction\":[{\"@type\":\"SearchAction\",\"target\":{\"@type\":\"EntryPoint\",\"urlTemplate\":\"https:\/\/www.charlottefalchdesign.dk\/?s={search_term_string}\"},\"query-input\":\"required name=search_term_string\"}],\"inLanguage\":\"da-DK\"},{\"@type\":\"Organization\",\"@id\":\"https:\/\/www.charlottefalchdesign.dk\/#organization\",\"name\":\"Charlotte Falch Design\",\"url\":\"https:\/\/www.charlottefalchdesign.dk\/\",\"logo\":{\"@type\":\"ImageObject\",\"inLanguage\":\"da-DK\",\"@id\":\"https:\/\/www.charlottefalchdesign.dk\/#\/schema\/logo\/image\/\",\"url\":\"https:\/\/www.charlottefalchdesign.dk\/wp-content\/uploads\/2023\/10\/cropped-IMG_1130-2-scaled-2.jpeg\",\"contentUrl\":\"https:\/\/www.charlottefalchdesign.dk\/wp-content\/uploads\/2023\/10\/cropped-IMG_1130-2-scaled-2.jpeg\",\"width\":1919,\"height\":1919,\"caption\":\"Charlotte Falch Design\"},\"image\":{\"@id\":\"https:\/\/www.charlottefalchdesign.dk\/#\/schema\/logo\/image\/\"},\"sameAs\":[\"https:\/\/www.facebook.com\/charlottefalchdesign\"]}]}<\/script>\n<!-- \/ Yoast SEO plugin. -->","yoast_head_json":{"title":"DTF - printet tryk - Charlotte Falch Design","robots":{"index":"index","follow":"follow","max-snippet":"max-snippet:-1","max-image-preview":"max-image-preview:large","max-video-preview":"max-video-preview:-1"},"canonical":"https:\/\/www.charlottefalchdesign.dk\/index.php\/dtf-printet-tryk\/","og_locale":"da_DK","og_type":"article","og_title":"DTF - printet tryk - Charlotte Falch Design","og_description":"DTF (Direct to Fabric) er en type print, der kan kan p\u00e5s\u00e6ttes alle typer stof, der kan t\u00e5le temperaturen. Der kr\u00e6ves over 150 grader celsius&hellip;","og_url":"https:\/\/www.charlottefalchdesign.dk\/index.php\/dtf-printet-tryk\/","og_site_name":"Charlotte Falch Design","article_publisher":"https:\/\/www.facebook.com\/charlottefalchdesign","article_modified_time":"2024-10-29T19:36:28+00:00","twitter_card":"summary_large_image","twitter_misc":{"Estimeret l\u00e6setid":"1 minut"},"schema":{"@context":"https:\/\/schema.org","@graph":[{"@type":"WebPage","@id":"https:\/\/www.charlottefalchdesign.dk\/index.php\/dtf-printet-tryk\/","url":"https:\/\/www.charlottefalchdesign.dk\/index.php\/dtf-printet-tryk\/","name":"DTF - printet tryk - Charlotte Falch Design","isPartOf":{"@id":"https:\/\/www.charlottefalchdesign.dk\/#website"},"datePublished":"2024-10-29T19:33:58+00:00","dateModified":"2024-10-29T19:36:28+00:00","breadcrumb":{"@id":"https:\/\/www.charlottefalchdesign.dk\/index.php\/dtf-printet-tryk\/#breadcrumb"},"inLanguage":"da-DK","potentialAction":[{"@type":"ReadAction","target":["https:\/\/www.charlottefalchdesign.dk\/index.php\/dtf-printet-tryk\/"]}]},{"@type":"BreadcrumbList","@id":"https:\/\/www.charlottefalchdesign.dk\/index.php\/dtf-printet-tryk\/#breadcrumb","itemListElement":[{"@type":"ListItem","position":1,"name":"Hjem","item":"https:\/\/www.charlottefalchdesign.dk\/"},{"@type":"ListItem","position":2,"name":"DTF &#8211; printet tryk"}]},{"@type":"WebSite","@id":"https:\/\/www.charlottefalchdesign.dk\/#website","url":"https:\/\/www.charlottefalchdesign.dk\/","name":"Charlotte Falch Design","description":"Tryk og print - unikt, personligt - og reklame til sm\u00e5 virksomheder","publisher":{"@id":"https:\/\/www.charlottefalchdesign.dk\/#organization"},"potentialAction":[{"@type":"SearchAction","target":{"@type":"EntryPoint","urlTemplate":"https:\/\/www.charlottefalchdesign.dk\/?s={search_term_string}"},"query-input":"required name=search_term_string"}],"inLanguage":"da-DK"},{"@type":"Organization","@id":"https:\/\/www.charlottefalchdesign.dk\/#organization","name":"Charlotte Falch Design","url":"https:\/\/www.charlottefalchdesign.dk\/","logo":{"@type":"ImageObject","inLanguage":"da-DK","@id":"https:\/\/www.charlottefalchdesign.dk\/#\/schema\/logo\/image\/","url":"https:\/\/www.charlottefalchdesign.dk\/wp-content\/uploads\/2023\/10\/cropped-IMG_1130-2-scaled-2.jpeg","contentUrl":"https:\/\/www.charlottefalchdesign.dk\/wp-content\/uploads\/2023\/10\/cropped-IMG_1130-2-scaled-2.jpeg","width":1919,"height":1919,"caption":"Charlotte Falch Design"},"image":{"@id":"https:\/\/www.charlottefalchdesign.dk\/#\/schema\/logo\/image\/"},"sameAs":["https:\/\/www.facebook.com\/charlottefalchdesign"]}]}},"jetpack_sharing_enabled":true,"_links":{"self":[{"href":"https:\/\/www.charlottefalchdesign.dk\/index.php\/wp-json\/wp\/v2\/pages\/1469","targetHints":{"allow":["GET"]}}],"collection":[{"href":"https:\/\/www.charlottefalchdesign.dk\/index.php\/wp-json\/wp\/v2\/pages"}],"about":[{"href":"https:\/\/www.charlottefalchdesign.dk\/index.php\/wp-json\/wp\/v2\/types\/page"}],"author":[{"embeddable":true,"href":"https:\/\/www.charlottefalchdesign.dk\/index.php\/wp-json\/wp\/v2\/users\/1"}],"replies":[{"embeddable":true,"href":"https:\/\/www.charlottefalchdesign.dk\/index.php\/wp-json\/wp\/v2\/comments?post=1469"}],"version-history":[{"count":1,"href":"https:\/\/www.charlottefalchdesign.dk\/index.php\/wp-json\/wp\/v2\/pages\/1469\/revisions"}],"predecessor-version":[{"id":1471,"href":"https:\/\/www.charlottefalchdesign.dk\/index.php\/wp-json\/wp\/v2\/pages\/1469\/revisions\/1471"}],"wp:attachment":[{"href":"https:\/\/www.charlottefalchdesign.dk\/index.php\/wp-json\/wp\/v2\/media?parent=1469"}],"curies":[{"name":"wp","href":"https:\/\/api.w.org\/{rel}","templated":true}]}}