{"id":301,"date":"2021-11-09T20:33:08","date_gmt":"2021-11-09T18:33:08","guid":{"rendered":"http:\/\/www.charlottefalchdesign.dk\/?page_id=301"},"modified":"2024-10-29T13:56:11","modified_gmt":"2024-10-29T11:56:11","slug":"charlotte-falch-design","status":"publish","type":"page","link":"https:\/\/www.charlottefalchdesign.dk\/index.php\/charlotte-falch-design\/","title":{"rendered":"F\u00f8rst det praktiske \u2026"},"content":{"rendered":"\n<p><strong>(Webshoppen er nede, s\u00e5 skriv meget gerne en<a href=\"info@charlottefalchdesign.dk\"> <\/a><a href=\"http:\/\/mail to: info@charlottefalchdesign.dk\">mail<\/a>)<\/strong><\/p>\n\n\n\n<p>Man kan f\u00e5 trykt ensfarvet <strong>htv-motiv<\/strong> (p\u00e5 stof) eller p\u00e5sat selvkl\u00e6bende <strong>oracal<\/strong> (vinyl\/folie) p\u00e5 h\u00e5rde flader (glas\/metal, glatte v\u00e6gge, osv.)<\/p>\n\n\n\n<p>P\u00e5 lyse stof-overflader kan der ogs\u00e5 printes fotorealistiske motiver (<strong>DTF<\/strong> (alle typer stof) eller <strong>sublimation<\/strong> (p\u00e5 polyester) <\/p>\n\n\n\n<p>Hvis det er stof med <strong>HTV<\/strong> eller <strong>DTF<\/strong>-tryk, vil motivet kunne f\u00f8les ovenp\u00e5 stoffet. Begge typer motiv &#8220;smeltes&#8221; ned p\u00e5 overfladen .<\/p>\n\n\n\n<p><strong>Oracals<\/strong> (vinyl\/folie) og <strong>stickers<\/strong> (klisterm\u00e6rker) p\u00e5s\u00e6ttes som klisterm\u00e6rke p\u00e5 h\u00e5rde overflader som fx glas\/metal. (Vinduer\/biler\/postkasser, osv.) <\/p>\n\n\n\n<p><strong>Sublimation<\/strong>-print bruges p\u00e5 stof med h\u00f8jt indhold af polyester (minimum 65%) eller en fast overflade med en polyester-bel\u00e6gning, og motivet integreres i stoffet\/overfladen..<\/p>\n\n\n\n<p><\/p>\n\n\n\n<p>Dern\u00e6st tankerne &#8230;<\/p>\n\n\n\n<p>Jeg <em>t\u00e6nker<\/em> design &#8211; n\u00e6rmest uafbrudt &#8211; i mit hoved.<br>Der er s\u00e5 fedt at g\u00f8re mennesker glade med noget personligt og unikt, og jeg elsker at finde frem til lige d\u00e9n ting, der rammer plet \u2026<\/p>\n\n\n\n<p>Denne side fokuserer p\u00e5 salg af mine tryk &#8211; fx p\u00e5 krus, t-shirts, tote bags\/indk\u00f8bsnet, alu-drikkeflasker, coasters, gaveposer til vinflasker, puslespil og andre gode gaveid\u00e9er &#8211; b\u00e5de mine designs med statements, memes eller billeder, men du har ogs\u00e5 mulighed for at bruge dine egne fotos.<\/p>\n\n\n\n<p>Jeg laver ogs\u00e5 skilte, reklamer og merchandise til mindre virksomheder. Fx vinduesfolie og t-shirts med firmanavn\/logo, kontaktinfo og \u00e5bningstider.<\/p>\n\n\n\n<p>Skriv gerne med s\u00e6rlige design-\u00f8nsker p\u00e5 <a href=\"mailto:info@charlottefalchdesign.dk\">mail info@charlottefalchdesign.dk<\/a><\/p>\n\n\n<div class=\"wp-block-image\">\n<figure class=\"aligncenter size-thumbnail is-resized\"><a href=\"https:\/\/www.facebook.com\/charlottefalchdesign\/\" target=\"_blank\" rel=\"noreferrer noopener\"><img decoding=\"async\" width=\"150\" height=\"150\" src=\"https:\/\/www.charlottefalchdesign.dk\/wp-content\/uploads\/2021\/11\/Facebook-Logo-Rectangle-150x150.png\" alt=\"\" class=\"wp-image-362\" style=\"aspect-ratio:1;width:108px;height:auto\"\/><\/a><\/figure>\n<\/div>\n\n\n<div class=\"wp-block-columns is-layout-flex wp-container-core-columns-is-layout-9d6595d7 wp-block-columns-is-layout-flex\">\n<div class=\"wp-block-column is-layout-flow wp-block-column-is-layout-flow\" style=\"flex-basis:100%\"><div class=\"wp-block-image\">\n<figure class=\"aligncenter size-full\"><a href=\"https:\/\/www.instagram.com\/charlottefalchdesign\/\" target=\"_blank\" rel=\"noopener\"><img decoding=\"async\" width=\"150\" height=\"151\" src=\"https:\/\/www.charlottefalchdesign.dk\/wp-content\/uploads\/2021\/11\/6EA27802-0ADC-4AD4-92BB-82684D1F84C7-e1638129120388.jpeg\" alt=\"\" class=\"wp-image-488\"\/><\/a><\/figure>\n<\/div><\/div>\n<\/div>\n\n\n\n<div itemprop=\"location\" itemscope itemtype=\"http:\/\/schema.org\/Organization\" class=\"wp-block-jetpack-contact-info\">\n<div class=\"wp-block-jetpack-email\"><a itemprop=\"email\" href=\"mailto:info@charlottefalchdesign.dk\">info@charlottefalchdesign.dk<\/a><\/div>\n\n\n\n<div class=\"wp-block-jetpack-phone\"><span itemprop=\"telephone\"><a href=\"tel:+4542369776\">+45 42369776<\/a><\/span><\/div>\n\n\n\n<div itemprop=\"address\" itemscope itemtype=\"http:\/\/schema.org\/PostalAddress\" class=\"wp-block-jetpack-address\" ><a href=\"https:\/\/www.google.com\/maps\/search\/Kastanievej+21,+Holb\u00e6k,+4300+Danmark\" target=\"_blank\" rel=\"noopener noreferrer\" title=\"Open address in Google Maps\"><div itemprop=\"streetAddress\" class=\"jetpack-address__address jetpack-address__address1\">Kastanievej 21<\/div><div><span itemprop=\"addressLocality\" class=\"jetpack-address__city\">Holb\u00e6k<\/span>, <span itemprop=\"addressRegion\" class=\"jetpack-address__region\"><\/span> <span itemprop=\"postalCode\" class=\"jetpack-address__postal\">4300<\/span><\/div><div itemprop=\"addressCountry\" class=\"jetpack-address__country\">Danmark<\/div><\/a><\/div>\n<\/div>\n","protected":false},"excerpt":{"rendered":"<p>(Webshoppen er nede, s\u00e5 skriv meget gerne en mail) Man kan f\u00e5 trykt ensfarvet htv-motiv (p\u00e5 stof) eller p\u00e5sat selvkl\u00e6bende oracal (vinyl\/folie) p\u00e5 h\u00e5rde flader&hellip;<\/p>\n","protected":false},"author":1,"featured_media":0,"parent":0,"menu_order":0,"comment_status":"closed","ping_status":"closed","template":"","meta":{"footnotes":""},"class_list":["post-301","page","type-page","status-publish","hentry"],"yoast_head":"<!-- This site is optimized with the Yoast SEO plugin v21.4 - https:\/\/yoast.com\/wordpress\/plugins\/seo\/ -->\n<title>F\u00f8rst det praktiske \u2026 - Charlotte Falch Design<\/title>\n<meta name=\"robots\" content=\"index, follow, max-snippet:-1, max-image-preview:large, max-video-preview:-1\" \/>\n<link rel=\"canonical\" href=\"https:\/\/www.charlottefalchdesign.dk\/index.php\/charlotte-falch-design\/\" \/>\n<meta property=\"og:locale\" content=\"da_DK\" \/>\n<meta property=\"og:type\" content=\"article\" \/>\n<meta property=\"og:title\" content=\"F\u00f8rst det praktiske \u2026 - Charlotte Falch Design\" \/>\n<meta property=\"og:description\" content=\"(Webshoppen er nede, s\u00e5 skriv meget gerne en mail) Man kan f\u00e5 trykt ensfarvet htv-motiv (p\u00e5 stof) eller p\u00e5sat selvkl\u00e6bende oracal (vinyl\/folie) p\u00e5 h\u00e5rde flader&hellip;\" \/>\n<meta property=\"og:url\" content=\"https:\/\/www.charlottefalchdesign.dk\/index.php\/charlotte-falch-design\/\" \/>\n<meta property=\"og:site_name\" content=\"Charlotte Falch Design\" \/>\n<meta property=\"article:publisher\" content=\"https:\/\/www.facebook.com\/charlottefalchdesign\" \/>\n<meta property=\"article:modified_time\" content=\"2024-10-29T11:56:11+00:00\" \/>\n<meta property=\"og:image\" content=\"https:\/\/www.charlottefalchdesign.dk\/wp-content\/uploads\/2021\/11\/Facebook-Logo-Rectangle-150x150.png\" \/>\n<meta name=\"twitter:card\" content=\"summary_large_image\" \/>\n<meta name=\"twitter:label1\" content=\"Estimeret l\u00e6setid\" \/>\n\t<meta name=\"twitter:data1\" content=\"2 minutter\" \/>\n<script type=\"application\/ld+json\" class=\"yoast-schema-graph\">{\"@context\":\"https:\/\/schema.org\",\"@graph\":[{\"@type\":\"WebPage\",\"@id\":\"https:\/\/www.charlottefalchdesign.dk\/index.php\/charlotte-falch-design\/\",\"url\":\"https:\/\/www.charlottefalchdesign.dk\/index.php\/charlotte-falch-design\/\",\"name\":\"F\u00f8rst det praktiske \u2026 - Charlotte Falch Design\",\"isPartOf\":{\"@id\":\"https:\/\/www.charlottefalchdesign.dk\/#website\"},\"datePublished\":\"2021-11-09T18:33:08+00:00\",\"dateModified\":\"2024-10-29T11:56:11+00:00\",\"breadcrumb\":{\"@id\":\"https:\/\/www.charlottefalchdesign.dk\/index.php\/charlotte-falch-design\/#breadcrumb\"},\"inLanguage\":\"da-DK\",\"potentialAction\":[{\"@type\":\"ReadAction\",\"target\":[\"https:\/\/www.charlottefalchdesign.dk\/index.php\/charlotte-falch-design\/\"]}]},{\"@type\":\"BreadcrumbList\",\"@id\":\"https:\/\/www.charlottefalchdesign.dk\/index.php\/charlotte-falch-design\/#breadcrumb\",\"itemListElement\":[{\"@type\":\"ListItem\",\"position\":1,\"name\":\"Hjem\",\"item\":\"https:\/\/www.charlottefalchdesign.dk\/\"},{\"@type\":\"ListItem\",\"position\":2,\"name\":\"F\u00f8rst det praktiske \u2026\"}]},{\"@type\":\"WebSite\",\"@id\":\"https:\/\/www.charlottefalchdesign.dk\/#website\",\"url\":\"https:\/\/www.charlottefalchdesign.dk\/\",\"name\":\"Charlotte Falch Design\",\"description\":\"Tryk og print - unikt, personligt - og reklame til sm\u00e5 virksomheder\",\"publisher\":{\"@id\":\"https:\/\/www.charlottefalchdesign.dk\/#organization\"},\"potentialAction\":[{\"@type\":\"SearchAction\",\"target\":{\"@type\":\"EntryPoint\",\"urlTemplate\":\"https:\/\/www.charlottefalchdesign.dk\/?s={search_term_string}\"},\"query-input\":\"required name=search_term_string\"}],\"inLanguage\":\"da-DK\"},{\"@type\":\"Organization\",\"@id\":\"https:\/\/www.charlottefalchdesign.dk\/#organization\",\"name\":\"Charlotte Falch Design\",\"url\":\"https:\/\/www.charlottefalchdesign.dk\/\",\"logo\":{\"@type\":\"ImageObject\",\"inLanguage\":\"da-DK\",\"@id\":\"https:\/\/www.charlottefalchdesign.dk\/#\/schema\/logo\/image\/\",\"url\":\"https:\/\/www.charlottefalchdesign.dk\/wp-content\/uploads\/2023\/10\/cropped-IMG_1130-2-scaled-2.jpeg\",\"contentUrl\":\"https:\/\/www.charlottefalchdesign.dk\/wp-content\/uploads\/2023\/10\/cropped-IMG_1130-2-scaled-2.jpeg\",\"width\":1919,\"height\":1919,\"caption\":\"Charlotte Falch Design\"},\"image\":{\"@id\":\"https:\/\/www.charlottefalchdesign.dk\/#\/schema\/logo\/image\/\"},\"sameAs\":[\"https:\/\/www.facebook.com\/charlottefalchdesign\"]}]}<\/script>\n<!-- \/ Yoast SEO plugin. -->","yoast_head_json":{"title":"F\u00f8rst det praktiske \u2026 - Charlotte Falch Design","robots":{"index":"index","follow":"follow","max-snippet":"max-snippet:-1","max-image-preview":"max-image-preview:large","max-video-preview":"max-video-preview:-1"},"canonical":"https:\/\/www.charlottefalchdesign.dk\/index.php\/charlotte-falch-design\/","og_locale":"da_DK","og_type":"article","og_title":"F\u00f8rst det praktiske \u2026 - Charlotte Falch Design","og_description":"(Webshoppen er nede, s\u00e5 skriv meget gerne en mail) Man kan f\u00e5 trykt ensfarvet htv-motiv (p\u00e5 stof) eller p\u00e5sat selvkl\u00e6bende oracal (vinyl\/folie) p\u00e5 h\u00e5rde flader&hellip;","og_url":"https:\/\/www.charlottefalchdesign.dk\/index.php\/charlotte-falch-design\/","og_site_name":"Charlotte Falch Design","article_publisher":"https:\/\/www.facebook.com\/charlottefalchdesign","article_modified_time":"2024-10-29T11:56:11+00:00","og_image":[{"url":"https:\/\/www.charlottefalchdesign.dk\/wp-content\/uploads\/2021\/11\/Facebook-Logo-Rectangle-150x150.png"}],"twitter_card":"summary_large_image","twitter_misc":{"Estimeret l\u00e6setid":"2 minutter"},"schema":{"@context":"https:\/\/schema.org","@graph":[{"@type":"WebPage","@id":"https:\/\/www.charlottefalchdesign.dk\/index.php\/charlotte-falch-design\/","url":"https:\/\/www.charlottefalchdesign.dk\/index.php\/charlotte-falch-design\/","name":"F\u00f8rst det praktiske \u2026 - Charlotte Falch Design","isPartOf":{"@id":"https:\/\/www.charlottefalchdesign.dk\/#website"},"datePublished":"2021-11-09T18:33:08+00:00","dateModified":"2024-10-29T11:56:11+00:00","breadcrumb":{"@id":"https:\/\/www.charlottefalchdesign.dk\/index.php\/charlotte-falch-design\/#breadcrumb"},"inLanguage":"da-DK","potentialAction":[{"@type":"ReadAction","target":["https:\/\/www.charlottefalchdesign.dk\/index.php\/charlotte-falch-design\/"]}]},{"@type":"BreadcrumbList","@id":"https:\/\/www.charlottefalchdesign.dk\/index.php\/charlotte-falch-design\/#breadcrumb","itemListElement":[{"@type":"ListItem","position":1,"name":"Hjem","item":"https:\/\/www.charlottefalchdesign.dk\/"},{"@type":"ListItem","position":2,"name":"F\u00f8rst det praktiske \u2026"}]},{"@type":"WebSite","@id":"https:\/\/www.charlottefalchdesign.dk\/#website","url":"https:\/\/www.charlottefalchdesign.dk\/","name":"Charlotte Falch Design","description":"Tryk og print - unikt, personligt - og reklame til sm\u00e5 virksomheder","publisher":{"@id":"https:\/\/www.charlottefalchdesign.dk\/#organization"},"potentialAction":[{"@type":"SearchAction","target":{"@type":"EntryPoint","urlTemplate":"https:\/\/www.charlottefalchdesign.dk\/?s={search_term_string}"},"query-input":"required name=search_term_string"}],"inLanguage":"da-DK"},{"@type":"Organization","@id":"https:\/\/www.charlottefalchdesign.dk\/#organization","name":"Charlotte Falch Design","url":"https:\/\/www.charlottefalchdesign.dk\/","logo":{"@type":"ImageObject","inLanguage":"da-DK","@id":"https:\/\/www.charlottefalchdesign.dk\/#\/schema\/logo\/image\/","url":"https:\/\/www.charlottefalchdesign.dk\/wp-content\/uploads\/2023\/10\/cropped-IMG_1130-2-scaled-2.jpeg","contentUrl":"https:\/\/www.charlottefalchdesign.dk\/wp-content\/uploads\/2023\/10\/cropped-IMG_1130-2-scaled-2.jpeg","width":1919,"height":1919,"caption":"Charlotte Falch Design"},"image":{"@id":"https:\/\/www.charlottefalchdesign.dk\/#\/schema\/logo\/image\/"},"sameAs":["https:\/\/www.facebook.com\/charlottefalchdesign"]}]}},"jetpack_sharing_enabled":true,"_links":{"self":[{"href":"https:\/\/www.charlottefalchdesign.dk\/index.php\/wp-json\/wp\/v2\/pages\/301","targetHints":{"allow":["GET"]}}],"collection":[{"href":"https:\/\/www.charlottefalchdesign.dk\/index.php\/wp-json\/wp\/v2\/pages"}],"about":[{"href":"https:\/\/www.charlottefalchdesign.dk\/index.php\/wp-json\/wp\/v2\/types\/page"}],"author":[{"embeddable":true,"href":"https:\/\/www.charlottefalchdesign.dk\/index.php\/wp-json\/wp\/v2\/users\/1"}],"replies":[{"embeddable":true,"href":"https:\/\/www.charlottefalchdesign.dk\/index.php\/wp-json\/wp\/v2\/comments?post=301"}],"version-history":[{"count":29,"href":"https:\/\/www.charlottefalchdesign.dk\/index.php\/wp-json\/wp\/v2\/pages\/301\/revisions"}],"predecessor-version":[{"id":1460,"href":"https:\/\/www.charlottefalchdesign.dk\/index.php\/wp-json\/wp\/v2\/pages\/301\/revisions\/1460"}],"wp:attachment":[{"href":"https:\/\/www.charlottefalchdesign.dk\/index.php\/wp-json\/wp\/v2\/media?parent=301"}],"curies":[{"name":"wp","href":"https:\/\/api.w.org\/{rel}","templated":true}]}}