{"id":922,"date":"2023-11-01T23:13:22","date_gmt":"2023-11-01T21:13:22","guid":{"rendered":"https:\/\/www.charlottefalchdesign.dk\/?page_id=922"},"modified":"2024-10-29T22:28:24","modified_gmt":"2024-10-29T20:28:24","slug":"t-shirts-og-hoodies","status":"publish","type":"page","link":"https:\/\/www.charlottefalchdesign.dk\/index.php\/t-shirts-og-hoodies\/","title":{"rendered":"T-shirts og hoodies"},"content":{"rendered":"\n<p>OBS &#8211; ved st\u00f8rre ordrer: bed om tilbud p\u00e5: <a href=\"mailto:info@charlottefalchdesign.dk\" target=\"_blank\" rel=\"noreferrer noopener\">info@charlottefalchdesign.dk<\/a>    <\/p>\n\n\n\n<p><strong>Typer af tryk p\u00e5 t\u00f8j:&nbsp;<\/strong> <em>(produktbilleder af t\u00f8j, der kan v\u00e6lges til tryk nederst &#8230;)<\/em><\/p>\n\n\n\n<p><a href=\"https:\/\/www.charlottefalchdesign.dk\/index.php\/prisliste-t-shirts-og-hoodies-pr-nov-2024\/\">Prisliste kan findes i menuen<\/a>.<\/p>\n\n\n\n<p><strong><a href=\"https:\/\/www.charlottefalchdesign.dk\/index.php\/dtf-printet-tryk\/\">DTF-tryk<\/a><\/strong> i flere farver &#8211; p\u00e5 alle nuancer stof&nbsp;<br \/><strong><a href=\"https:\/\/www.charlottefalchdesign.dk\/index.php\/htv-til-stof-varmeoverfoersel\/\">HTV-vinyl<\/a><\/strong>, \u00e9nsfarvet udsk\u00e5ret folie-silhouette &#8211; p\u00e5 alle nuancer stof. Mulighed for glimmer og reflekseffekter&nbsp;<br \/><strong>Sublimation<\/strong> i flere farver p\u00e5 lyst stof med minimum 65% polyester. Jo lysere stof, jo mere naturlig farvegengivelse, da trykket mixes med stoffets farve&nbsp;<br \/>___________________&nbsp;<br \/>Alle typer tryk overf\u00f8res med varme og pres.&nbsp;&nbsp;<br \/>Hvis <strong>du selv<\/strong> bruger alm. strygejern, skal det <em>holdes stille og l\u00f8ftes for at flytte til ny position<\/em>, indtil hele motivet er varmeoverf\u00f8rt (UDEN at bev\u00e6ge strygejern fra side til side eller bruge damp)&nbsp;<\/p>\n\n\n\n<div class=\"wp-block-columns is-layout-flex wp-container-core-columns-is-layout-9d6595d7 wp-block-columns-is-layout-flex\">\n<div class=\"wp-block-column is-layout-flow wp-block-column-is-layout-flow\">\n<div class=\"wp-block-media-text is-stacked-on-mobile\" style=\"grid-template-columns:23% auto\"><figure class=\"wp-block-media-text__media\"><img decoding=\"async\" width=\"1024\" height=\"768\" src=\"https:\/\/www.charlottefalchdesign.dk\/wp-content\/uploads\/2023\/10\/IMG_1393-1024x768.png\" alt=\"\" class=\"wp-image-873 size-full\" srcset=\"https:\/\/www.charlottefalchdesign.dk\/wp-content\/uploads\/2023\/10\/IMG_1393-1024x768.png 1024w, https:\/\/www.charlottefalchdesign.dk\/wp-content\/uploads\/2023\/10\/IMG_1393-300x225.png 300w, https:\/\/www.charlottefalchdesign.dk\/wp-content\/uploads\/2023\/10\/IMG_1393-768x576.png 768w, https:\/\/www.charlottefalchdesign.dk\/wp-content\/uploads\/2023\/10\/IMG_1393-1536x1151.png 1536w, https:\/\/www.charlottefalchdesign.dk\/wp-content\/uploads\/2023\/10\/IMG_1393-2048x1535.png 2048w, https:\/\/www.charlottefalchdesign.dk\/wp-content\/uploads\/2023\/10\/IMG_1393-148x111.png 148w, https:\/\/www.charlottefalchdesign.dk\/wp-content\/uploads\/2023\/10\/IMG_1393-31x23.png 31w, https:\/\/www.charlottefalchdesign.dk\/wp-content\/uploads\/2023\/10\/IMG_1393-38x28.png 38w, https:\/\/www.charlottefalchdesign.dk\/wp-content\/uploads\/2023\/10\/IMG_1393-287x215.png 287w\" sizes=\"(max-width: 1024px) 100vw, 1024px\" \/><\/figure><div class=\"wp-block-media-text__content\">\n<p>Hvid t-shirt i bomuld<\/p>\n\n\n\n<p>Der kan trykkes i alle farver p\u00e5 disse. Foto-motiv og tekst<\/p>\n\n\n\n<p>Trykket f\u00f8les som en bl\u00f8d, str\u00e6kbar overflade p\u00e5 stoffet<\/p>\n<\/div><\/div>\n\n\n\n<div class=\"wp-block-media-text is-stacked-on-mobile\" style=\"grid-template-columns:25% auto\"><figure class=\"wp-block-media-text__media\"><img decoding=\"async\" width=\"1024\" height=\"768\" src=\"https:\/\/www.charlottefalchdesign.dk\/wp-content\/uploads\/2023\/10\/IMG_1402-1024x768.png\" alt=\"Sort t-shirt bomuld\" class=\"wp-image-874 size-full\" srcset=\"https:\/\/www.charlottefalchdesign.dk\/wp-content\/uploads\/2023\/10\/IMG_1402-1024x768.png 1024w, https:\/\/www.charlottefalchdesign.dk\/wp-content\/uploads\/2023\/10\/IMG_1402-300x225.png 300w, https:\/\/www.charlottefalchdesign.dk\/wp-content\/uploads\/2023\/10\/IMG_1402-768x576.png 768w, https:\/\/www.charlottefalchdesign.dk\/wp-content\/uploads\/2023\/10\/IMG_1402-1536x1151.png 1536w, https:\/\/www.charlottefalchdesign.dk\/wp-content\/uploads\/2023\/10\/IMG_1402-2048x1535.png 2048w, https:\/\/www.charlottefalchdesign.dk\/wp-content\/uploads\/2023\/10\/IMG_1402-148x111.png 148w, https:\/\/www.charlottefalchdesign.dk\/wp-content\/uploads\/2023\/10\/IMG_1402-31x23.png 31w, https:\/\/www.charlottefalchdesign.dk\/wp-content\/uploads\/2023\/10\/IMG_1402-38x28.png 38w, https:\/\/www.charlottefalchdesign.dk\/wp-content\/uploads\/2023\/10\/IMG_1402-287x215.png 287w\" sizes=\"(max-width: 1024px) 100vw, 1024px\" \/><\/figure><div class=\"wp-block-media-text__content\">\n<p>Sort t-shirt i bomuld<\/p>\n\n\n\n<p>Der kan laves \u00e9nsfarvet silhouette\/omridstryk og tekst i alle farver p\u00e5 disse<\/p>\n\n\n\n<p>Trykket f\u00f8les som en bl\u00f8d, str\u00e6kbar overflade p\u00e5 stoffet<\/p>\n<\/div><\/div>\n\n\n\n<div class=\"wp-block-media-text is-stacked-on-mobile\" style=\"grid-template-columns:26% auto\"><figure class=\"wp-block-media-text__media\"><img decoding=\"async\" width=\"1024\" height=\"768\" src=\"https:\/\/www.charlottefalchdesign.dk\/wp-content\/uploads\/2023\/11\/baby-bodystocking-og-boernet-shirt-poly-1024x768.png\" alt=\"\" class=\"wp-image-926 size-full\" srcset=\"https:\/\/www.charlottefalchdesign.dk\/wp-content\/uploads\/2023\/11\/baby-bodystocking-og-boernet-shirt-poly-1024x768.png 1024w, https:\/\/www.charlottefalchdesign.dk\/wp-content\/uploads\/2023\/11\/baby-bodystocking-og-boernet-shirt-poly-300x225.png 300w, https:\/\/www.charlottefalchdesign.dk\/wp-content\/uploads\/2023\/11\/baby-bodystocking-og-boernet-shirt-poly-768x576.png 768w, https:\/\/www.charlottefalchdesign.dk\/wp-content\/uploads\/2023\/11\/baby-bodystocking-og-boernet-shirt-poly-1536x1151.png 1536w, https:\/\/www.charlottefalchdesign.dk\/wp-content\/uploads\/2023\/11\/baby-bodystocking-og-boernet-shirt-poly-2048x1535.png 2048w, https:\/\/www.charlottefalchdesign.dk\/wp-content\/uploads\/2023\/11\/baby-bodystocking-og-boernet-shirt-poly-148x111.png 148w, https:\/\/www.charlottefalchdesign.dk\/wp-content\/uploads\/2023\/11\/baby-bodystocking-og-boernet-shirt-poly-31x23.png 31w, https:\/\/www.charlottefalchdesign.dk\/wp-content\/uploads\/2023\/11\/baby-bodystocking-og-boernet-shirt-poly-38x28.png 38w, https:\/\/www.charlottefalchdesign.dk\/wp-content\/uploads\/2023\/11\/baby-bodystocking-og-boernet-shirt-poly-287x215.png 287w\" sizes=\"(max-width: 1024px) 100vw, 1024px\" \/><\/figure><div class=\"wp-block-media-text__content\">\n<p>Hvid bodystocking eller t-shirt til baby\/b\u00f8rn i bl\u00f8d polyester<\/p>\n\n\n\n<p>Der kan trykkes alle motiver p\u00e5 disse<\/p>\n\n\n\n<p>Trykket bliver en del af stoffets overflade og kan ikke slides af i vask<\/p>\n<\/div><\/div>\n\n\n\n<div class=\"wp-block-media-text is-stacked-on-mobile\" style=\"grid-template-columns:26% auto\"><figure class=\"wp-block-media-text__media\"><img decoding=\"async\" width=\"1024\" height=\"768\" src=\"https:\/\/www.charlottefalchdesign.dk\/wp-content\/uploads\/2023\/11\/IMG_1387-1024x768.png\" alt=\"\" class=\"wp-image-923 size-full\" srcset=\"https:\/\/www.charlottefalchdesign.dk\/wp-content\/uploads\/2023\/11\/IMG_1387-1024x768.png 1024w, https:\/\/www.charlottefalchdesign.dk\/wp-content\/uploads\/2023\/11\/IMG_1387-300x225.png 300w, https:\/\/www.charlottefalchdesign.dk\/wp-content\/uploads\/2023\/11\/IMG_1387-768x576.png 768w, https:\/\/www.charlottefalchdesign.dk\/wp-content\/uploads\/2023\/11\/IMG_1387-1536x1151.png 1536w, https:\/\/www.charlottefalchdesign.dk\/wp-content\/uploads\/2023\/11\/IMG_1387-2048x1535.png 2048w, https:\/\/www.charlottefalchdesign.dk\/wp-content\/uploads\/2023\/11\/IMG_1387-148x111.png 148w, https:\/\/www.charlottefalchdesign.dk\/wp-content\/uploads\/2023\/11\/IMG_1387-31x23.png 31w, https:\/\/www.charlottefalchdesign.dk\/wp-content\/uploads\/2023\/11\/IMG_1387-38x28.png 38w, https:\/\/www.charlottefalchdesign.dk\/wp-content\/uploads\/2023\/11\/IMG_1387-287x215.png 287w\" sizes=\"(max-width: 1024px) 100vw, 1024px\" \/><\/figure><div class=\"wp-block-media-text__content\">\n<p>Gr\u00e5 hoodie. Bl\u00f8d polyester<\/p>\n\n\n\n<p>Der kan trykkes alle motiver p\u00e5 disse<\/p>\n\n\n\n<p>Trykket bliver en del af stoffets overflade og kan ikke slides af i vask<\/p>\n<\/div><\/div>\n<\/div>\n\n\n\n<div class=\"wp-block-column is-layout-flow wp-block-column-is-layout-flow\">\n<div class=\"wp-block-media-text is-stacked-on-mobile\" style=\"grid-template-columns:23% auto\"><figure class=\"wp-block-media-text__media\"><img decoding=\"async\" width=\"1024\" height=\"768\" src=\"https:\/\/www.charlottefalchdesign.dk\/wp-content\/uploads\/2023\/11\/hvid-t-shirt-polyester-1024x768.png\" alt=\"\" class=\"wp-image-928 size-full\" srcset=\"https:\/\/www.charlottefalchdesign.dk\/wp-content\/uploads\/2023\/11\/hvid-t-shirt-polyester-1024x768.png 1024w, https:\/\/www.charlottefalchdesign.dk\/wp-content\/uploads\/2023\/11\/hvid-t-shirt-polyester-300x225.png 300w, https:\/\/www.charlottefalchdesign.dk\/wp-content\/uploads\/2023\/11\/hvid-t-shirt-polyester-768x576.png 768w, https:\/\/www.charlottefalchdesign.dk\/wp-content\/uploads\/2023\/11\/hvid-t-shirt-polyester-1536x1151.png 1536w, https:\/\/www.charlottefalchdesign.dk\/wp-content\/uploads\/2023\/11\/hvid-t-shirt-polyester-2048x1535.png 2048w, https:\/\/www.charlottefalchdesign.dk\/wp-content\/uploads\/2023\/11\/hvid-t-shirt-polyester-148x111.png 148w, https:\/\/www.charlottefalchdesign.dk\/wp-content\/uploads\/2023\/11\/hvid-t-shirt-polyester-31x23.png 31w, https:\/\/www.charlottefalchdesign.dk\/wp-content\/uploads\/2023\/11\/hvid-t-shirt-polyester-38x28.png 38w, https:\/\/www.charlottefalchdesign.dk\/wp-content\/uploads\/2023\/11\/hvid-t-shirt-polyester-287x215.png 287w\" sizes=\"(max-width: 1024px) 100vw, 1024px\" \/><\/figure><div class=\"wp-block-media-text__content\">\n<p>Hvid t-shirt i bl\u00f8d polyester<\/p>\n\n\n\n<p>&#8220;Bomuldstouch&#8221; &#8211; Der kan trykkes i alle farver p\u00e5 disse. Foto og tekst<\/p>\n\n\n\n<p>Trykket bliver en del af stoffets overflade og slides ikke af i vask<\/p>\n<\/div><\/div>\n\n\n\n<div class=\"wp-block-media-text is-stacked-on-mobile\" style=\"grid-template-columns:25% auto\"><figure class=\"wp-block-media-text__media\"><img decoding=\"async\" width=\"454\" height=\"577\" src=\"https:\/\/www.charlottefalchdesign.dk\/wp-content\/uploads\/2023\/11\/sort-sports-t-shirt-poly-lille-bitte-1.png\" alt=\"\" class=\"wp-image-977 size-full\" srcset=\"https:\/\/www.charlottefalchdesign.dk\/wp-content\/uploads\/2023\/11\/sort-sports-t-shirt-poly-lille-bitte-1.png 454w, https:\/\/www.charlottefalchdesign.dk\/wp-content\/uploads\/2023\/11\/sort-sports-t-shirt-poly-lille-bitte-1-236x300.png 236w, https:\/\/www.charlottefalchdesign.dk\/wp-content\/uploads\/2023\/11\/sort-sports-t-shirt-poly-lille-bitte-1-116x148.png 116w, https:\/\/www.charlottefalchdesign.dk\/wp-content\/uploads\/2023\/11\/sort-sports-t-shirt-poly-lille-bitte-1-24x31.png 24w, https:\/\/www.charlottefalchdesign.dk\/wp-content\/uploads\/2023\/11\/sort-sports-t-shirt-poly-lille-bitte-1-30x38.png 30w, https:\/\/www.charlottefalchdesign.dk\/wp-content\/uploads\/2023\/11\/sort-sports-t-shirt-poly-lille-bitte-1-169x215.png 169w, https:\/\/www.charlottefalchdesign.dk\/wp-content\/uploads\/2023\/11\/sort-sports-t-shirt-poly-lille-bitte-1-300x381.png 300w\" sizes=\"(max-width: 454px) 100vw, 454px\" \/><\/figure><div class=\"wp-block-media-text__content\">\n<p>Sort sports t-shirt i polyester<\/p>\n\n\n\n<p>Der kan laves \u00e9nsfarvet silhouette\/omridstryk og tekst i alle farver p\u00e5 disse<\/p>\n\n\n\n<p>Trykket f\u00f8les som en bl\u00f8d, str\u00e6kbar overflade p\u00e5 stoffet<\/p>\n<\/div><\/div>\n\n\n\n<div class=\"wp-block-media-text is-stacked-on-mobile\" style=\"grid-template-columns:26% auto\"><figure class=\"wp-block-media-text__media\"><img decoding=\"async\" width=\"727\" height=\"883\" src=\"https:\/\/www.charlottefalchdesign.dk\/wp-content\/uploads\/2023\/11\/lys-sport-t-shirt-polyester-lille.png\" alt=\"\" class=\"wp-image-978 size-full\" srcset=\"https:\/\/www.charlottefalchdesign.dk\/wp-content\/uploads\/2023\/11\/lys-sport-t-shirt-polyester-lille.png 727w, https:\/\/www.charlottefalchdesign.dk\/wp-content\/uploads\/2023\/11\/lys-sport-t-shirt-polyester-lille-247x300.png 247w, https:\/\/www.charlottefalchdesign.dk\/wp-content\/uploads\/2023\/11\/lys-sport-t-shirt-polyester-lille-122x148.png 122w, https:\/\/www.charlottefalchdesign.dk\/wp-content\/uploads\/2023\/11\/lys-sport-t-shirt-polyester-lille-26x31.png 26w, https:\/\/www.charlottefalchdesign.dk\/wp-content\/uploads\/2023\/11\/lys-sport-t-shirt-polyester-lille-31x38.png 31w, https:\/\/www.charlottefalchdesign.dk\/wp-content\/uploads\/2023\/11\/lys-sport-t-shirt-polyester-lille-177x215.png 177w, https:\/\/www.charlottefalchdesign.dk\/wp-content\/uploads\/2023\/11\/lys-sport-t-shirt-polyester-lille-300x364.png 300w\" sizes=\"(max-width: 727px) 100vw, 727px\" \/><\/figure><div class=\"wp-block-media-text__content\">\n<p>Lys sports t-shirt i polyester<\/p>\n\n\n\n<p>Der kan trykkes i alle farver p\u00e5 disse. Foto og tekst, men hvide\/lyse omr\u00e5der fra foto bliver samme farve som t-shirt<\/p>\n\n\n\n<p>Trykket bliver en del af stoffets overflade og slides ikke af i vask<\/p>\n<\/div><\/div>\n\n\n\n<div class=\"wp-block-media-text is-stacked-on-mobile\" style=\"grid-template-columns:26% auto\"><figure class=\"wp-block-media-text__media\"><img decoding=\"async\" width=\"1024\" height=\"1005\" src=\"https:\/\/www.charlottefalchdesign.dk\/wp-content\/uploads\/2023\/11\/hvid-t-shirt-med-sorte-aermer-lange-1024x1005.jpeg\" alt=\"\" class=\"wp-image-925 size-full\" srcset=\"https:\/\/www.charlottefalchdesign.dk\/wp-content\/uploads\/2023\/11\/hvid-t-shirt-med-sorte-aermer-lange-1024x1005.jpeg 1024w, https:\/\/www.charlottefalchdesign.dk\/wp-content\/uploads\/2023\/11\/hvid-t-shirt-med-sorte-aermer-lange-300x294.jpeg 300w, https:\/\/www.charlottefalchdesign.dk\/wp-content\/uploads\/2023\/11\/hvid-t-shirt-med-sorte-aermer-lange-768x754.jpeg 768w, https:\/\/www.charlottefalchdesign.dk\/wp-content\/uploads\/2023\/11\/hvid-t-shirt-med-sorte-aermer-lange-148x145.jpeg 148w, https:\/\/www.charlottefalchdesign.dk\/wp-content\/uploads\/2023\/11\/hvid-t-shirt-med-sorte-aermer-lange-31x31.jpeg 31w, https:\/\/www.charlottefalchdesign.dk\/wp-content\/uploads\/2023\/11\/hvid-t-shirt-med-sorte-aermer-lange-38x38.jpeg 38w, https:\/\/www.charlottefalchdesign.dk\/wp-content\/uploads\/2023\/11\/hvid-t-shirt-med-sorte-aermer-lange-219x215.jpeg 219w, https:\/\/www.charlottefalchdesign.dk\/wp-content\/uploads\/2023\/11\/hvid-t-shirt-med-sorte-aermer-lange.jpeg 1125w\" sizes=\"(max-width: 1024px) 100vw, 1024px\" \/><\/figure><div class=\"wp-block-media-text__content\">\n<p>Hvid m. sorte \u00e6rmer. Bl\u00f8d poly.<\/p>\n\n\n\n<p>Der kan trykkes alle motiver p\u00e5 disse<\/p>\n\n\n\n<p>Trykket bliver en del af stoffets overflade og kan ikke slides af i vask<\/p>\n<\/div><\/div>\n<\/div>\n<\/div>\n\n\n\n<p><br \/>T-shirts kan bestilles i andre farver, men der kan forekomme pristill\u00e6g afh\u00e6ngigt af tilg\u00e6ngelige tilbud p\u00e5 t-shirts.&nbsp;<br \/>(Da jeg kun har en lille biks, der fokuserer p\u00e5 personlige\/unikke l\u00f8sninger, kan jeg ikke k\u00f8be t-shirts hjem i stork\u00f8b\ud83d\ude00)&nbsp;<\/p>\n\n\n\n<p><em>Billeder af <strong>eksempler p\u00e5 trykte sager<\/strong> <\/em>findes i <a href=\"https:\/\/www.charlottefalchdesign.dk\/index.php\/galleri-inspiration-nogle-udfoerte-opgaver\/\">Galleri \u2013 inspiration \u2013 nogle udf\u00f8rte opgaver <\/a><\/p>\n\n\n\n<p><\/p>\n","protected":false},"excerpt":{"rendered":"<p>OBS &#8211; ved st\u00f8rre ordrer: bed om tilbud p\u00e5: info@charlottefalchdesign.dk Typer af tryk p\u00e5 t\u00f8j:&nbsp; (produktbilleder af t\u00f8j, der kan v\u00e6lges til tryk nederst &#8230;)&hellip;<\/p>\n","protected":false},"author":1,"featured_media":0,"parent":0,"menu_order":0,"comment_status":"closed","ping_status":"closed","template":"","meta":{"footnotes":""},"class_list":["post-922","page","type-page","status-publish","hentry"],"yoast_head":"<!-- This site is optimized with the Yoast SEO plugin v21.4 - https:\/\/yoast.com\/wordpress\/plugins\/seo\/ -->\n<title>T-shirts og hoodies - Charlotte Falch Design<\/title>\n<meta name=\"robots\" content=\"index, follow, max-snippet:-1, max-image-preview:large, max-video-preview:-1\" \/>\n<link rel=\"canonical\" href=\"https:\/\/www.charlottefalchdesign.dk\/index.php\/t-shirts-og-hoodies\/\" \/>\n<meta property=\"og:locale\" content=\"da_DK\" \/>\n<meta property=\"og:type\" content=\"article\" \/>\n<meta property=\"og:title\" content=\"T-shirts og hoodies - Charlotte Falch Design\" \/>\n<meta property=\"og:description\" content=\"OBS &#8211; ved st\u00f8rre ordrer: bed om tilbud p\u00e5: info@charlottefalchdesign.dk Typer af tryk p\u00e5 t\u00f8j:&nbsp; (produktbilleder af t\u00f8j, der kan v\u00e6lges til tryk nederst &#8230;)&hellip;\" \/>\n<meta property=\"og:url\" content=\"https:\/\/www.charlottefalchdesign.dk\/index.php\/t-shirts-og-hoodies\/\" \/>\n<meta property=\"og:site_name\" content=\"Charlotte Falch Design\" \/>\n<meta property=\"article:publisher\" content=\"https:\/\/www.facebook.com\/charlottefalchdesign\" \/>\n<meta property=\"article:modified_time\" content=\"2024-10-29T20:28:24+00:00\" \/>\n<meta property=\"og:image\" content=\"https:\/\/www.charlottefalchdesign.dk\/wp-content\/uploads\/2023\/10\/IMG_1393-1024x768.png\" \/>\n<meta name=\"twitter:card\" content=\"summary_large_image\" \/>\n<meta name=\"twitter:label1\" content=\"Estimeret l\u00e6setid\" \/>\n\t<meta name=\"twitter:data1\" content=\"4 minutter\" \/>\n<script type=\"application\/ld+json\" class=\"yoast-schema-graph\">{\"@context\":\"https:\/\/schema.org\",\"@graph\":[{\"@type\":\"WebPage\",\"@id\":\"https:\/\/www.charlottefalchdesign.dk\/index.php\/t-shirts-og-hoodies\/\",\"url\":\"https:\/\/www.charlottefalchdesign.dk\/index.php\/t-shirts-og-hoodies\/\",\"name\":\"T-shirts og hoodies - Charlotte Falch Design\",\"isPartOf\":{\"@id\":\"https:\/\/www.charlottefalchdesign.dk\/#website\"},\"datePublished\":\"2023-11-01T21:13:22+00:00\",\"dateModified\":\"2024-10-29T20:28:24+00:00\",\"breadcrumb\":{\"@id\":\"https:\/\/www.charlottefalchdesign.dk\/index.php\/t-shirts-og-hoodies\/#breadcrumb\"},\"inLanguage\":\"da-DK\",\"potentialAction\":[{\"@type\":\"ReadAction\",\"target\":[\"https:\/\/www.charlottefalchdesign.dk\/index.php\/t-shirts-og-hoodies\/\"]}]},{\"@type\":\"BreadcrumbList\",\"@id\":\"https:\/\/www.charlottefalchdesign.dk\/index.php\/t-shirts-og-hoodies\/#breadcrumb\",\"itemListElement\":[{\"@type\":\"ListItem\",\"position\":1,\"name\":\"Hjem\",\"item\":\"https:\/\/www.charlottefalchdesign.dk\/\"},{\"@type\":\"ListItem\",\"position\":2,\"name\":\"T-shirts og hoodies\"}]},{\"@type\":\"WebSite\",\"@id\":\"https:\/\/www.charlottefalchdesign.dk\/#website\",\"url\":\"https:\/\/www.charlottefalchdesign.dk\/\",\"name\":\"Charlotte Falch Design\",\"description\":\"Tryk og print - unikt, personligt - og reklame til sm\u00e5 virksomheder\",\"publisher\":{\"@id\":\"https:\/\/www.charlottefalchdesign.dk\/#organization\"},\"potentialAction\":[{\"@type\":\"SearchAction\",\"target\":{\"@type\":\"EntryPoint\",\"urlTemplate\":\"https:\/\/www.charlottefalchdesign.dk\/?s={search_term_string}\"},\"query-input\":\"required name=search_term_string\"}],\"inLanguage\":\"da-DK\"},{\"@type\":\"Organization\",\"@id\":\"https:\/\/www.charlottefalchdesign.dk\/#organization\",\"name\":\"Charlotte Falch Design\",\"url\":\"https:\/\/www.charlottefalchdesign.dk\/\",\"logo\":{\"@type\":\"ImageObject\",\"inLanguage\":\"da-DK\",\"@id\":\"https:\/\/www.charlottefalchdesign.dk\/#\/schema\/logo\/image\/\",\"url\":\"https:\/\/www.charlottefalchdesign.dk\/wp-content\/uploads\/2023\/10\/cropped-IMG_1130-2-scaled-2.jpeg\",\"contentUrl\":\"https:\/\/www.charlottefalchdesign.dk\/wp-content\/uploads\/2023\/10\/cropped-IMG_1130-2-scaled-2.jpeg\",\"width\":1919,\"height\":1919,\"caption\":\"Charlotte Falch Design\"},\"image\":{\"@id\":\"https:\/\/www.charlottefalchdesign.dk\/#\/schema\/logo\/image\/\"},\"sameAs\":[\"https:\/\/www.facebook.com\/charlottefalchdesign\"]}]}<\/script>\n<!-- \/ Yoast SEO plugin. -->","yoast_head_json":{"title":"T-shirts og hoodies - Charlotte Falch Design","robots":{"index":"index","follow":"follow","max-snippet":"max-snippet:-1","max-image-preview":"max-image-preview:large","max-video-preview":"max-video-preview:-1"},"canonical":"https:\/\/www.charlottefalchdesign.dk\/index.php\/t-shirts-og-hoodies\/","og_locale":"da_DK","og_type":"article","og_title":"T-shirts og hoodies - Charlotte Falch Design","og_description":"OBS &#8211; ved st\u00f8rre ordrer: bed om tilbud p\u00e5: info@charlottefalchdesign.dk Typer af tryk p\u00e5 t\u00f8j:&nbsp; (produktbilleder af t\u00f8j, der kan v\u00e6lges til tryk nederst &#8230;)&hellip;","og_url":"https:\/\/www.charlottefalchdesign.dk\/index.php\/t-shirts-og-hoodies\/","og_site_name":"Charlotte Falch Design","article_publisher":"https:\/\/www.facebook.com\/charlottefalchdesign","article_modified_time":"2024-10-29T20:28:24+00:00","og_image":[{"url":"https:\/\/www.charlottefalchdesign.dk\/wp-content\/uploads\/2023\/10\/IMG_1393-1024x768.png"}],"twitter_card":"summary_large_image","twitter_misc":{"Estimeret l\u00e6setid":"4 minutter"},"schema":{"@context":"https:\/\/schema.org","@graph":[{"@type":"WebPage","@id":"https:\/\/www.charlottefalchdesign.dk\/index.php\/t-shirts-og-hoodies\/","url":"https:\/\/www.charlottefalchdesign.dk\/index.php\/t-shirts-og-hoodies\/","name":"T-shirts og hoodies - Charlotte Falch Design","isPartOf":{"@id":"https:\/\/www.charlottefalchdesign.dk\/#website"},"datePublished":"2023-11-01T21:13:22+00:00","dateModified":"2024-10-29T20:28:24+00:00","breadcrumb":{"@id":"https:\/\/www.charlottefalchdesign.dk\/index.php\/t-shirts-og-hoodies\/#breadcrumb"},"inLanguage":"da-DK","potentialAction":[{"@type":"ReadAction","target":["https:\/\/www.charlottefalchdesign.dk\/index.php\/t-shirts-og-hoodies\/"]}]},{"@type":"BreadcrumbList","@id":"https:\/\/www.charlottefalchdesign.dk\/index.php\/t-shirts-og-hoodies\/#breadcrumb","itemListElement":[{"@type":"ListItem","position":1,"name":"Hjem","item":"https:\/\/www.charlottefalchdesign.dk\/"},{"@type":"ListItem","position":2,"name":"T-shirts og hoodies"}]},{"@type":"WebSite","@id":"https:\/\/www.charlottefalchdesign.dk\/#website","url":"https:\/\/www.charlottefalchdesign.dk\/","name":"Charlotte Falch Design","description":"Tryk og print - unikt, personligt - og reklame til sm\u00e5 virksomheder","publisher":{"@id":"https:\/\/www.charlottefalchdesign.dk\/#organization"},"potentialAction":[{"@type":"SearchAction","target":{"@type":"EntryPoint","urlTemplate":"https:\/\/www.charlottefalchdesign.dk\/?s={search_term_string}"},"query-input":"required name=search_term_string"}],"inLanguage":"da-DK"},{"@type":"Organization","@id":"https:\/\/www.charlottefalchdesign.dk\/#organization","name":"Charlotte Falch Design","url":"https:\/\/www.charlottefalchdesign.dk\/","logo":{"@type":"ImageObject","inLanguage":"da-DK","@id":"https:\/\/www.charlottefalchdesign.dk\/#\/schema\/logo\/image\/","url":"https:\/\/www.charlottefalchdesign.dk\/wp-content\/uploads\/2023\/10\/cropped-IMG_1130-2-scaled-2.jpeg","contentUrl":"https:\/\/www.charlottefalchdesign.dk\/wp-content\/uploads\/2023\/10\/cropped-IMG_1130-2-scaled-2.jpeg","width":1919,"height":1919,"caption":"Charlotte Falch Design"},"image":{"@id":"https:\/\/www.charlottefalchdesign.dk\/#\/schema\/logo\/image\/"},"sameAs":["https:\/\/www.facebook.com\/charlottefalchdesign"]}]}},"jetpack_sharing_enabled":true,"_links":{"self":[{"href":"https:\/\/www.charlottefalchdesign.dk\/index.php\/wp-json\/wp\/v2\/pages\/922","targetHints":{"allow":["GET"]}}],"collection":[{"href":"https:\/\/www.charlottefalchdesign.dk\/index.php\/wp-json\/wp\/v2\/pages"}],"about":[{"href":"https:\/\/www.charlottefalchdesign.dk\/index.php\/wp-json\/wp\/v2\/types\/page"}],"author":[{"embeddable":true,"href":"https:\/\/www.charlottefalchdesign.dk\/index.php\/wp-json\/wp\/v2\/users\/1"}],"replies":[{"embeddable":true,"href":"https:\/\/www.charlottefalchdesign.dk\/index.php\/wp-json\/wp\/v2\/comments?post=922"}],"version-history":[{"count":17,"href":"https:\/\/www.charlottefalchdesign.dk\/index.php\/wp-json\/wp\/v2\/pages\/922\/revisions"}],"predecessor-version":[{"id":1481,"href":"https:\/\/www.charlottefalchdesign.dk\/index.php\/wp-json\/wp\/v2\/pages\/922\/revisions\/1481"}],"wp:attachment":[{"href":"https:\/\/www.charlottefalchdesign.dk\/index.php\/wp-json\/wp\/v2\/media?parent=922"}],"curies":[{"name":"wp","href":"https:\/\/api.w.org\/{rel}","templated":true}]}}